{"id":4895,"date":"2019-05-08T09:35:16","date_gmt":"2019-05-08T13:35:16","guid":{"rendered":"https:\/\/nostalgiafestival.ca\/volunteer-application\/"},"modified":"2026-03-22T11:00:31","modified_gmt":"2026-03-22T15:00:31","slug":"inscription-des-benevoles","status":"publish","type":"page","link":"https:\/\/nostalgiafestival.ca\/fr\/inscription-des-benevoles\/","title":{"rendered":"Inscription des b\u00e9n\u00e9voles"},"content":{"rendered":"<p style=\"text-align: center;\">Les jeunes de 15 \u00e0 17 ans sont invit\u00e9s \u00e0 postuler pour les \u00e9quipes du stationnement de v\u00e9los, de la vente de marchandise et de la logistique. Toutes les autres opportunit\u00e9s de b\u00e9n\u00e9volat pour ce festival sont r\u00e9serv\u00e9es aux 18 ans et plus.<\/p>\n<p style=\"text-align: center;\">Bienvenue \u00e0 l&rsquo;\u00e9dition 2026 du Festival Nostalgia. Nous vous demandons de bien vouloir compl\u00e9ter les informations suivantes, qui seront envoy\u00e9es au chef d&rsquo;\u00e9quipe pour r\u00e9vision<\/p>\n","protected":false},"excerpt":{"rendered":"<p>Les jeunes de 15 \u00e0 17 ans sont invit\u00e9s \u00e0 postuler pour les \u00e9quipes du stationnement de v\u00e9los, de la vente de marchandise et de la logistique. Toutes les autres<a class=\"excerpt-read-more\" href=\"https:\/\/nostalgiafestival.ca\/fr\/inscription-des-benevoles\/\" title=\"ReadInscription des b\u00e9n\u00e9voles\">&#8230; Read more &raquo;<\/a><\/p>\n","protected":false},"author":1,"featured_media":0,"parent":0,"menu_order":0,"comment_status":"closed","ping_status":"closed","template":"template-volunteer-application.php","meta":{"_acf_changed":false,"_price":"","_stock":"","_tribe_ticket_header":"","_tribe_default_ticket_provider":"Tribe__Tickets_Plus__Commerce__WooCommerce__Main","_tribe_ticket_capacity":"0","_ticket_start_date":"","_ticket_end_date":"","_tribe_ticket_show_description":"","_tribe_ticket_show_not_going":false,"_tribe_ticket_use_global_stock":"","_tribe_ticket_global_stock_level":"","_global_stock_mode":"","_global_stock_cap":"","_tribe_rsvp_for_event":"","_tribe_ticket_going_count":"","_tribe_ticket_not_going_count":"","_tribe_tickets_list":"[]","_tribe_ticket_has_attendee_info_fields":false,"footnotes":"","_tec_slr_enabled":"","_tec_slr_layout":""},"class_list":["post-4895","page","type-page","status-publish","hentry"],"acf":[],"yoast_head":"<!-- This site is optimized with the Yoast SEO plugin v27.3 - https:\/\/yoast.com\/product\/yoast-seo-wordpress\/ -->\n<title>Inscription des b\u00e9n\u00e9voles - Nostalgia - Festival de musique<\/title>\n<meta name=\"robots\" content=\"index, follow, max-snippet:-1, max-image-preview:large, max-video-preview:-1\" \/>\n<link rel=\"canonical\" href=\"https:\/\/nostalgiafestival.ca\/fr\/inscription-des-benevoles\/\" \/>\n<meta property=\"og:locale\" content=\"fr_FR\" \/>\n<meta property=\"og:type\" content=\"article\" \/>\n<meta property=\"og:title\" content=\"Inscription des b\u00e9n\u00e9voles - Nostalgia - Festival de musique\" \/>\n<meta property=\"og:description\" content=\"Les jeunes de 15 \u00e0 17 ans sont invit\u00e9s \u00e0 postuler pour les \u00e9quipes du stationnement de v\u00e9los, de la vente de marchandise et de la logistique. Toutes les autres... Read more &raquo;\" \/>\n<meta property=\"og:url\" content=\"https:\/\/nostalgiafestival.ca\/fr\/inscription-des-benevoles\/\" \/>\n<meta property=\"og:site_name\" content=\"Nostalgia - Festival de musique\" \/>\n<meta property=\"article:modified_time\" content=\"2026-03-22T15:00:31+00:00\" \/>\n<meta name=\"twitter:card\" content=\"summary_large_image\" \/>\n<meta name=\"twitter:label1\" content=\"Dur\u00e9e de lecture estim\u00e9e\" \/>\n\t<meta name=\"twitter:data1\" content=\"1 minute\" \/>\n<script type=\"application\/ld+json\" class=\"yoast-schema-graph\">{\"@context\":\"https:\\\/\\\/schema.org\",\"@graph\":[{\"@type\":\"WebPage\",\"@id\":\"https:\\\/\\\/nostalgiafestival.ca\\\/fr\\\/inscription-des-benevoles\\\/\",\"url\":\"https:\\\/\\\/nostalgiafestival.ca\\\/fr\\\/inscription-des-benevoles\\\/\",\"name\":\"Inscription des b\u00e9n\u00e9voles - Nostalgia - Festival de musique\",\"isPartOf\":{\"@id\":\"https:\\\/\\\/nostalgiafestival.ca\\\/#website\"},\"datePublished\":\"2019-05-08T13:35:16+00:00\",\"dateModified\":\"2026-03-22T15:00:31+00:00\",\"breadcrumb\":{\"@id\":\"https:\\\/\\\/nostalgiafestival.ca\\\/fr\\\/inscription-des-benevoles\\\/#breadcrumb\"},\"inLanguage\":\"fr-FR\",\"potentialAction\":[{\"@type\":\"ReadAction\",\"target\":[\"https:\\\/\\\/nostalgiafestival.ca\\\/fr\\\/inscription-des-benevoles\\\/\"]}]},{\"@type\":\"BreadcrumbList\",\"@id\":\"https:\\\/\\\/nostalgiafestival.ca\\\/fr\\\/inscription-des-benevoles\\\/#breadcrumb\",\"itemListElement\":[{\"@type\":\"ListItem\",\"position\":1,\"name\":\"Home\",\"item\":\"https:\\\/\\\/nostalgiafestival.ca\\\/fr\\\/\"},{\"@type\":\"ListItem\",\"position\":2,\"name\":\"Inscription des b\u00e9n\u00e9voles\"}]},{\"@type\":\"WebSite\",\"@id\":\"https:\\\/\\\/nostalgiafestival.ca\\\/#website\",\"url\":\"https:\\\/\\\/nostalgiafestival.ca\\\/\",\"name\":\"Nostalgia - Festival de musique\",\"description\":\"Nostalgia - Festival de musique\",\"potentialAction\":[{\"@type\":\"SearchAction\",\"target\":{\"@type\":\"EntryPoint\",\"urlTemplate\":\"https:\\\/\\\/nostalgiafestival.ca\\\/?s={search_term_string}\"},\"query-input\":{\"@type\":\"PropertyValueSpecification\",\"valueRequired\":true,\"valueName\":\"search_term_string\"}}],\"inLanguage\":\"fr-FR\"}]}<\/script>\n<!-- \/ Yoast SEO plugin. -->","yoast_head_json":{"title":"Inscription des b\u00e9n\u00e9voles - Nostalgia - Festival de musique","robots":{"index":"index","follow":"follow","max-snippet":"max-snippet:-1","max-image-preview":"max-image-preview:large","max-video-preview":"max-video-preview:-1"},"canonical":"https:\/\/nostalgiafestival.ca\/fr\/inscription-des-benevoles\/","og_locale":"fr_FR","og_type":"article","og_title":"Inscription des b\u00e9n\u00e9voles - Nostalgia - Festival de musique","og_description":"Les jeunes de 15 \u00e0 17 ans sont invit\u00e9s \u00e0 postuler pour les \u00e9quipes du stationnement de v\u00e9los, de la vente de marchandise et de la logistique. Toutes les autres... Read more &raquo;","og_url":"https:\/\/nostalgiafestival.ca\/fr\/inscription-des-benevoles\/","og_site_name":"Nostalgia - Festival de musique","article_modified_time":"2026-03-22T15:00:31+00:00","twitter_card":"summary_large_image","twitter_misc":{"Dur\u00e9e de lecture estim\u00e9e":"1 minute"},"schema":{"@context":"https:\/\/schema.org","@graph":[{"@type":"WebPage","@id":"https:\/\/nostalgiafestival.ca\/fr\/inscription-des-benevoles\/","url":"https:\/\/nostalgiafestival.ca\/fr\/inscription-des-benevoles\/","name":"Inscription des b\u00e9n\u00e9voles - Nostalgia - Festival de musique","isPartOf":{"@id":"https:\/\/nostalgiafestival.ca\/#website"},"datePublished":"2019-05-08T13:35:16+00:00","dateModified":"2026-03-22T15:00:31+00:00","breadcrumb":{"@id":"https:\/\/nostalgiafestival.ca\/fr\/inscription-des-benevoles\/#breadcrumb"},"inLanguage":"fr-FR","potentialAction":[{"@type":"ReadAction","target":["https:\/\/nostalgiafestival.ca\/fr\/inscription-des-benevoles\/"]}]},{"@type":"BreadcrumbList","@id":"https:\/\/nostalgiafestival.ca\/fr\/inscription-des-benevoles\/#breadcrumb","itemListElement":[{"@type":"ListItem","position":1,"name":"Home","item":"https:\/\/nostalgiafestival.ca\/fr\/"},{"@type":"ListItem","position":2,"name":"Inscription des b\u00e9n\u00e9voles"}]},{"@type":"WebSite","@id":"https:\/\/nostalgiafestival.ca\/#website","url":"https:\/\/nostalgiafestival.ca\/","name":"Nostalgia - Festival de musique","description":"Nostalgia - Festival de musique","potentialAction":[{"@type":"SearchAction","target":{"@type":"EntryPoint","urlTemplate":"https:\/\/nostalgiafestival.ca\/?s={search_term_string}"},"query-input":{"@type":"PropertyValueSpecification","valueRequired":true,"valueName":"search_term_string"}}],"inLanguage":"fr-FR"}]}},"ticketed":false,"_links":{"self":[{"href":"https:\/\/nostalgiafestival.ca\/fr\/wp-json\/wp\/v2\/pages\/4895","targetHints":{"allow":["GET"]}}],"collection":[{"href":"https:\/\/nostalgiafestival.ca\/fr\/wp-json\/wp\/v2\/pages"}],"about":[{"href":"https:\/\/nostalgiafestival.ca\/fr\/wp-json\/wp\/v2\/types\/page"}],"author":[{"embeddable":true,"href":"https:\/\/nostalgiafestival.ca\/fr\/wp-json\/wp\/v2\/users\/1"}],"replies":[{"embeddable":true,"href":"https:\/\/nostalgiafestival.ca\/fr\/wp-json\/wp\/v2\/comments?post=4895"}],"version-history":[{"count":9,"href":"https:\/\/nostalgiafestival.ca\/fr\/wp-json\/wp\/v2\/pages\/4895\/revisions"}],"predecessor-version":[{"id":40964,"href":"https:\/\/nostalgiafestival.ca\/fr\/wp-json\/wp\/v2\/pages\/4895\/revisions\/40964"}],"wp:attachment":[{"href":"https:\/\/nostalgiafestival.ca\/fr\/wp-json\/wp\/v2\/media?parent=4895"}],"curies":[{"name":"wp","href":"https:\/\/api.w.org\/{rel}","templated":true}]}}