{"id":4183,"date":"2018-05-24T14:28:57","date_gmt":"2018-05-24T14:28:57","guid":{"rendered":"https:\/\/nostalgiafestival.ca\/about-us\/"},"modified":"2024-02-13T21:14:48","modified_gmt":"2024-02-14T02:14:48","slug":"about-us","status":"publish","type":"page","link":"https:\/\/nostalgiafestival.ca\/fr\/about-us\/","title":{"rendered":"\u00c0 propos"},"content":{"rendered":"<p>Fond\u00e9 en 2018, le Festival de Musique Nostalgia &#8211; Ottawa est compos\u00e9 d&rsquo;une \u00e9quipe de plus de 400 b\u00e9n\u00e9voles d\u00e9vou\u00e9s et d&rsquo;une centaine de professionnels chevronn\u00e9s des domaines du spectacle et de la production de concerts d\u2019envergure.<\/p>\n<p>Son pr\u00e9sident fondateur Daniel Cardinal ainsi que la directrice g\u00e9n\u00e9rale Karine Gagnon-Cardinal, cumulent plusieurs d\u00e9cennies d\u2019exp\u00e9rience dans la gestion et la mise en \u0153uvre d\u2019\u00e9v\u00e9nements majeurs en Ontario et au Qu\u00e9bec.<\/p>\n<p>Notre mod\u00e8le d\u2019affaire consiste \u00e0 ne pr\u00e9senter que les meilleurs spectacles hommages disponibles pour recr\u00e9er son et images qui nous feront voyager dans le temps et revivre l&rsquo;essence des m\u00e9gas concert de notre jeunesse.<\/p>\n","protected":false},"excerpt":{"rendered":"<p>Fond\u00e9 en 2018, le Festival de Musique Nostalgia &#8211; Ottawa est compos\u00e9 d&rsquo;une \u00e9quipe de plus de 400 b\u00e9n\u00e9voles d\u00e9vou\u00e9s et d&rsquo;une centaine de professionnels chevronn\u00e9s des domaines du spectacle<a class=\"excerpt-read-more\" href=\"https:\/\/nostalgiafestival.ca\/fr\/about-us\/\" title=\"Read\u00c0 propos\">&#8230; Read more &raquo;<\/a><\/p>\n","protected":false},"author":2,"featured_media":0,"parent":0,"menu_order":0,"comment_status":"closed","ping_status":"closed","template":"","meta":{"_acf_changed":false,"_price":"","_stock":"","_tribe_ticket_header":"","_tribe_default_ticket_provider":"Tribe__Tickets_Plus__Commerce__WooCommerce__Main","_tribe_ticket_capacity":"0","_ticket_start_date":"","_ticket_end_date":"","_tribe_ticket_show_description":"","_tribe_ticket_show_not_going":false,"_tribe_ticket_use_global_stock":"","_tribe_ticket_global_stock_level":"","_global_stock_mode":"","_global_stock_cap":"","_tribe_rsvp_for_event":"","_tribe_ticket_going_count":"","_tribe_ticket_not_going_count":"","_tribe_tickets_list":"[]","_tribe_ticket_has_attendee_info_fields":false,"footnotes":"","_tec_slr_enabled":"","_tec_slr_layout":""},"class_list":["post-4183","page","type-page","status-publish","hentry"],"acf":[],"yoast_head":"<!-- This site is optimized with the Yoast SEO plugin v27.4 - https:\/\/yoast.com\/product\/yoast-seo-wordpress\/ -->\n<title>\u00c0 propos - Nostalgia - Festival de musique<\/title>\n<meta name=\"robots\" content=\"index, follow, max-snippet:-1, max-image-preview:large, max-video-preview:-1\" \/>\n<link rel=\"canonical\" href=\"https:\/\/nostalgiafestival.ca\/fr\/about-us\/\" \/>\n<meta property=\"og:locale\" content=\"fr_FR\" \/>\n<meta property=\"og:type\" content=\"article\" \/>\n<meta property=\"og:title\" content=\"\u00c0 propos - Nostalgia - Festival de musique\" \/>\n<meta property=\"og:description\" content=\"Fond\u00e9 en 2018, le Festival de Musique Nostalgia &#8211; Ottawa est compos\u00e9 d&rsquo;une \u00e9quipe de plus de 400 b\u00e9n\u00e9voles d\u00e9vou\u00e9s et d&rsquo;une centaine de professionnels chevronn\u00e9s des domaines du spectacle... Read more &raquo;\" \/>\n<meta property=\"og:url\" content=\"https:\/\/nostalgiafestival.ca\/fr\/about-us\/\" \/>\n<meta property=\"og:site_name\" content=\"Nostalgia - Festival de musique\" \/>\n<meta property=\"article:modified_time\" content=\"2024-02-14T02:14:48+00:00\" \/>\n<meta name=\"twitter:card\" content=\"summary_large_image\" \/>\n<meta name=\"twitter:label1\" content=\"Dur\u00e9e de lecture estim\u00e9e\" \/>\n\t<meta name=\"twitter:data1\" content=\"1 minute\" \/>\n<script type=\"application\/ld+json\" class=\"yoast-schema-graph\">{\"@context\":\"https:\\\/\\\/schema.org\",\"@graph\":[{\"@type\":\"WebPage\",\"@id\":\"https:\\\/\\\/nostalgiafestival.ca\\\/fr\\\/about-us\\\/\",\"url\":\"https:\\\/\\\/nostalgiafestival.ca\\\/fr\\\/about-us\\\/\",\"name\":\"\u00c0 propos - Nostalgia - Festival de musique\",\"isPartOf\":{\"@id\":\"https:\\\/\\\/nostalgiafestival.ca\\\/#website\"},\"datePublished\":\"2018-05-24T14:28:57+00:00\",\"dateModified\":\"2024-02-14T02:14:48+00:00\",\"breadcrumb\":{\"@id\":\"https:\\\/\\\/nostalgiafestival.ca\\\/fr\\\/about-us\\\/#breadcrumb\"},\"inLanguage\":\"fr-FR\",\"potentialAction\":[{\"@type\":\"ReadAction\",\"target\":[\"https:\\\/\\\/nostalgiafestival.ca\\\/fr\\\/about-us\\\/\"]}]},{\"@type\":\"BreadcrumbList\",\"@id\":\"https:\\\/\\\/nostalgiafestival.ca\\\/fr\\\/about-us\\\/#breadcrumb\",\"itemListElement\":[{\"@type\":\"ListItem\",\"position\":1,\"name\":\"Home\",\"item\":\"https:\\\/\\\/nostalgiafestival.ca\\\/fr\\\/\"},{\"@type\":\"ListItem\",\"position\":2,\"name\":\"\u00c0 propos\"}]},{\"@type\":\"WebSite\",\"@id\":\"https:\\\/\\\/nostalgiafestival.ca\\\/#website\",\"url\":\"https:\\\/\\\/nostalgiafestival.ca\\\/\",\"name\":\"Nostalgia - Festival de musique\",\"description\":\"Nostalgia - Festival de musique\",\"potentialAction\":[{\"@type\":\"SearchAction\",\"target\":{\"@type\":\"EntryPoint\",\"urlTemplate\":\"https:\\\/\\\/nostalgiafestival.ca\\\/?s={search_term_string}\"},\"query-input\":{\"@type\":\"PropertyValueSpecification\",\"valueRequired\":true,\"valueName\":\"search_term_string\"}}],\"inLanguage\":\"fr-FR\"}]}<\/script>\n<!-- \/ Yoast SEO plugin. -->","yoast_head_json":{"title":"\u00c0 propos - Nostalgia - Festival de musique","robots":{"index":"index","follow":"follow","max-snippet":"max-snippet:-1","max-image-preview":"max-image-preview:large","max-video-preview":"max-video-preview:-1"},"canonical":"https:\/\/nostalgiafestival.ca\/fr\/about-us\/","og_locale":"fr_FR","og_type":"article","og_title":"\u00c0 propos - Nostalgia - Festival de musique","og_description":"Fond\u00e9 en 2018, le Festival de Musique Nostalgia &#8211; Ottawa est compos\u00e9 d&rsquo;une \u00e9quipe de plus de 400 b\u00e9n\u00e9voles d\u00e9vou\u00e9s et d&rsquo;une centaine de professionnels chevronn\u00e9s des domaines du spectacle... Read more &raquo;","og_url":"https:\/\/nostalgiafestival.ca\/fr\/about-us\/","og_site_name":"Nostalgia - Festival de musique","article_modified_time":"2024-02-14T02:14:48+00:00","twitter_card":"summary_large_image","twitter_misc":{"Dur\u00e9e de lecture estim\u00e9e":"1 minute"},"schema":{"@context":"https:\/\/schema.org","@graph":[{"@type":"WebPage","@id":"https:\/\/nostalgiafestival.ca\/fr\/about-us\/","url":"https:\/\/nostalgiafestival.ca\/fr\/about-us\/","name":"\u00c0 propos - Nostalgia - Festival de musique","isPartOf":{"@id":"https:\/\/nostalgiafestival.ca\/#website"},"datePublished":"2018-05-24T14:28:57+00:00","dateModified":"2024-02-14T02:14:48+00:00","breadcrumb":{"@id":"https:\/\/nostalgiafestival.ca\/fr\/about-us\/#breadcrumb"},"inLanguage":"fr-FR","potentialAction":[{"@type":"ReadAction","target":["https:\/\/nostalgiafestival.ca\/fr\/about-us\/"]}]},{"@type":"BreadcrumbList","@id":"https:\/\/nostalgiafestival.ca\/fr\/about-us\/#breadcrumb","itemListElement":[{"@type":"ListItem","position":1,"name":"Home","item":"https:\/\/nostalgiafestival.ca\/fr\/"},{"@type":"ListItem","position":2,"name":"\u00c0 propos"}]},{"@type":"WebSite","@id":"https:\/\/nostalgiafestival.ca\/#website","url":"https:\/\/nostalgiafestival.ca\/","name":"Nostalgia - Festival de musique","description":"Nostalgia - Festival de musique","potentialAction":[{"@type":"SearchAction","target":{"@type":"EntryPoint","urlTemplate":"https:\/\/nostalgiafestival.ca\/?s={search_term_string}"},"query-input":{"@type":"PropertyValueSpecification","valueRequired":true,"valueName":"search_term_string"}}],"inLanguage":"fr-FR"}]}},"ticketed":false,"_links":{"self":[{"href":"https:\/\/nostalgiafestival.ca\/fr\/wp-json\/wp\/v2\/pages\/4183","targetHints":{"allow":["GET"]}}],"collection":[{"href":"https:\/\/nostalgiafestival.ca\/fr\/wp-json\/wp\/v2\/pages"}],"about":[{"href":"https:\/\/nostalgiafestival.ca\/fr\/wp-json\/wp\/v2\/types\/page"}],"author":[{"embeddable":true,"href":"https:\/\/nostalgiafestival.ca\/fr\/wp-json\/wp\/v2\/users\/2"}],"replies":[{"embeddable":true,"href":"https:\/\/nostalgiafestival.ca\/fr\/wp-json\/wp\/v2\/comments?post=4183"}],"version-history":[{"count":8,"href":"https:\/\/nostalgiafestival.ca\/fr\/wp-json\/wp\/v2\/pages\/4183\/revisions"}],"predecessor-version":[{"id":23572,"href":"https:\/\/nostalgiafestival.ca\/fr\/wp-json\/wp\/v2\/pages\/4183\/revisions\/23572"}],"wp:attachment":[{"href":"https:\/\/nostalgiafestival.ca\/fr\/wp-json\/wp\/v2\/media?parent=4183"}],"curies":[{"name":"wp","href":"https:\/\/api.w.org\/{rel}","templated":true}]}}