{"id":4171,"date":"2018-04-30T18:50:59","date_gmt":"2018-04-30T18:50:59","guid":{"rendered":"https:\/\/nostalgiafestival.ca\/faqs\/"},"modified":"2025-10-15T21:38:24","modified_gmt":"2025-10-16T01:38:24","slug":"faq","status":"publish","type":"page","link":"https:\/\/nostalgiafestival.ca\/fr\/faq\/","title":{"rendered":"FAQ"},"content":{"rendered":"<p>Bienvenue \u00e0 la septi\u00e8me \u00e9dition du Festival Nostalgia. Cet \u00e9v\u00e9nement unique de cinq jours sera pr\u00e9sent\u00e9 aux Plaines LeBreton \u00e0 Ottawa, du 19 au 23 ao\u00fbt 2026.<\/p>\n<p>Sur cette page, vous trouverez des informations g\u00e9n\u00e9rales et les politiques du festival.<\/p>\n<h3>POUR OBTENIR VOTRE BRACELET<\/h3>\n<p>1) VOTRE CODE QR VOUS SERA ENVOY\u00c9 PAR COURRIEL.<\/p>\n<p>ASSUREZ-VOUS DE V\u00c9RIFIER VOTRE DOSSIER DE COURRIER IND\u00c9SIRABLE.<\/p>\n<p>2) PR\u00c9SENTEZ LE CODE QR \u00c0 LA TENTE DE CUEILLETTE DE BRACELETS POUR RECEVOIR VOTRE BRACELET.<\/p>\n<p>Aucun remboursement ou \u00e9change. Toutes les ventes de billets sont finales.<\/p>\n<p>Les courriels de confirmation sont transf\u00e9rables, mais pas les bracelets. Un passeport festivalier ne peut \u00eatre partag\u00e9.<\/p>\n<h3>HEURES D\u2019OUVERTURE DU FESTIVAL<\/h3>\n<p>Le site du festival ouvre plus t\u00f4t pour que vous puissiez profiter d\u2019un bon repas \u00e0 notre aire de restauration avant le spectacle. <strong>Les spectacles se terminent \u00e0 22:30.<\/strong> Le site ferme \u00e0 23h00.<\/p>\n<p>Mercredi 19 ao\u00fbt 2026 : 16:30 &#8211; 23:00<br \/>\nJeudi 20 ao\u00fbt 2026 : 16:30 &#8211; 23:00<br \/>\nVendredi 21 ao\u00fbt 2026 : 16:30 &#8211; 23:00<br \/>\nSamedi 22 ao\u00fbt 2026 : 15:00 &#8211; 23:00<br \/>\nDimanche 23 ao\u00fbt 2026 : 15:00 &#8211; 23:00<\/p>\n<p><strong><a href=\"https:\/\/nostalgiafestival.ca\/wp-content\/uploads\/2025\/08\/NF-2025-CARTOON-SITE-PLAN-2-2.png\">VISIONNER LE PLAN DE SITE<\/a><\/strong><\/p>\n<h3>ZONE VIP<\/h3>\n<p>La Zone VIP avec ses si\u00e8ges de<strong> style cabaret<\/strong> offre \u00e0 ses invit\u00e9s, un service de bar exclusif, des toilettes priv\u00e9es ainsi que des chaises rembourr\u00e9es confortables et des tables. <strong>Un si\u00e8ge disponible pour chaque billet vendu. Les si\u00e8ges sont attribu\u00e9s selon le principe du premier arriv\u00e9, premier servi. Quatre chaises par table, les tables sont partag\u00e9es.<\/strong><\/p>\n<p>La vue impressionnante fait de ces si\u00e8ges les meilleurs de la maison!<\/p>\n<p><strong>Les billets sont limit\u00e9s.<\/strong><\/p>\n<h3>STATIONNEMENT<\/h3>\n<p>Le site du festival est situ\u00e9 dans une zone avec un minimum de stationnement dans la rue dans les zones environnantes.\u00a0 Le stationnement dans la rue sur la promenade Sir John A Macdonald \u00e0 c\u00f4t\u00e9 du festival est r\u00e9serv\u00e9 \u00e0 l\u2019usage du festival et entra\u00eenera une contravention et \/ ou le remorquage des v\u00e9hicules non-d\u00e9tenteurs de permis.\u00a0 Nous encourageons les festivaliers \u00e0 prendre le transport en commun, \u00e0 marcher, \u00e0 faire du v\u00e9lo ou \u00e0 se faire d\u00e9poser sur le site; <strong><em>Il n\u2019y a pas de d\u00e9barcad\u00e8re sur la promenade elle-m\u00eame, car il s\u2019agit d\u2019une route et il est \u00e0 la fois dangereux et ill\u00e9gal de se faire d\u00e9poser sur celle-ci. Veuillez d\u00e9poser les festivaliers le long de la place Vimy, qui entoure le festival et le Mus\u00e9e canadien de la guerre.<\/em><\/strong><\/p>\n<p>Nous offrons un parc \u00e0 v\u00e9los supervis\u00e9 gratuit \u00e0 c\u00f4t\u00e9 de la porte principale pour ceux qui souhaitent faire du v\u00e9lo.\u00a0 Les v\u00e9los, les scooters, les planches \u00e0 roulettes ou tout autre type de v\u00e9hicule motoris\u00e9 personnel (autre que les fauteuils roulants) ne sont pas autoris\u00e9s dur le site du festival et doivent \u00eatre gar\u00e9s en utilisant le parc \u00e0 v\u00e9los ou d\u2019autres supports \u00e0 v\u00e9los ou zones accessibles au public.<\/p>\n<div class=\"x14z9mp xat24cr x1lziwak x1vvkbs xtlvy1s x126k92a\"><\/div>\n<div class=\"x14z9mp xat24cr x1lziwak x1vvkbs xtlvy1s x126k92a\">\n<div dir=\"auto\"><em><strong>Il y a un nombre limit\u00e9 de places de stationnement PAYANTES dans le stationnement souterrain du Mus\u00e9e canadien de la guerre.\u00a0<\/strong><\/em> Veuillez confirmer les heures d\u2019acc\u00e8s au garage aupr\u00e8s du Mus\u00e9e canadien de la guerre avant de vous y stationner.<\/div>\n<\/div>\n<p><strong>La meilleure option&#8230; est de prendre l\u2019autobus!<\/strong><\/p>\n<h3>NOURRITURE ET BOISSON<\/h3>\n<p>Des camions de cuisine de rue pr\u00e9sentant une vari\u00e9t\u00e9 de d\u00e9licieux plats sont \u00e0 port\u00e9e de main.<\/p>\n<p>Le Festival Nostalgia est \u00e9galement autoris\u00e9 \u00e0 servir de l\u2019alcool et aucun alcool ext\u00e9rieur n\u2019est autoris\u00e9.<\/p>\n<p>Des boissons non alcoolis\u00e9es seront disponibles \u00e0 l\u2019achat.\u00a0 Les boissons suivantes et les boissons similaires ne seront pas autoris\u00e9es:<\/p>\n<ul>\n<li>Boissons gazeuses de toute nature<\/li>\n<li>Jus<\/li>\n<li>Bubly, ICE, San Pellegrino ou toute autre boisson de type eau gazeuse<\/li>\n<li>Bi\u00e8re et boissons sans alcool<\/li>\n<\/ul>\n<p>Les bouteilles r\u00e9utilisables vides en plastique ou en aluminium ou les bouteilles d\u2019eau SCELL\u00c9ES sont autoris\u00e9es; Les bouteilles en verre de toutes sortes ne sont pas autoris\u00e9es.\u00a0 Une station d\u2019eau sera disponible sur place pour remplir les bouteilles vides. Les boissons aux \u00e9lectrolytes sont aussi permises.<\/p>\n<p>Les collations sont autoris\u00e9es, mais elles ne peuvent pas d\u00e9passer la taille d\u2019un sac ziplock \u00e0 sandwich standard (16,5 cm x 14,9 cm). Voici une liste des collations autoris\u00e9es et non autoris\u00e9es :<\/p>\n<table style=\"height: 263px;\" width=\"741\">\n<tbody>\n<tr>\n<td width=\"293\"><strong>Collations autoris\u00e9es<\/strong><\/td>\n<td width=\"331\"><strong>Non autoris\u00e9es<\/strong><\/td>\n<\/tr>\n<tr>\n<td width=\"293\">\u00b7\u00a0\u00a0\u00a0\u00a0\u00a0 L\u00e9gumes (carottes, c\u00e9leri, tomates, etc.)<\/p>\n<p>\u00b7\u00a0\u00a0\u00a0\u00a0\u00a0 Fruits (oranges, baies, raisins, etc.)<\/p>\n<p>\u00b7\u00a0\u00a0\u00a0\u00a0\u00a0 Craquelins<\/p>\n<p>\u00b7\u00a0\u00a0\u00a0\u00a0\u00a0 Fromage<\/p>\n<p>\u00b7\u00a0\u00a0\u00a0\u00a0\u00a0 Bonbons<\/td>\n<td width=\"331\">\u00b7\u00a0\u00a0\u00a0\u00a0 Popcorn<\/p>\n<p>\u00b7\u00a0\u00a0\u00a0\u00a0 Chips, Veggie Straws, etc.<\/p>\n<p>\u00b7\u00a0\u00a0\u00a0\u00a0 Sandwiches \/ Soumarins<\/p>\n<p>\u00b7\u00a0\u00a0\u00a0\u00a0 Salades<\/p>\n<p>\u00b7\u00a0\u00a0\u00a0\u00a0 Toute nourriture de restaurant ou \u2018\u2019fast food\u2019\u2019<\/td>\n<\/tr>\n<\/tbody>\n<\/table>\n<p><strong>Les glaci\u00e8res de toute sortes (dures ou molles) pour le stockage des aliments ou des boissons ne sont pas autoris\u00e9es sur le site.<\/strong><\/p>\n<p>Le Festival Nostalgia se r\u00e9serve le droit de refuser ou de confisquer tout objet qu\u2019il juge interdit ou de demander que lesdits articles soient retourn\u00e9s dans votre v\u00e9hicule ou ailleurs.<\/p>\n<p><strong>Toute personne ayant un probl\u00e8me de sant\u00e9 l\u2019obligeant \u00e0 apporter l\u2019un des articles interdits de la section \u00ab\u00a0Nourriture et boissons\u00a0\u00bb ci-dessus, s.v.p. contacter le festival \u00e0 l\u2019avance pour discuter de vos besoins et vous assurer que l\u2019autorisation appropri\u00e9e est accord\u00e9e; nous \u00e9valuerons au cas par cas.<\/strong><\/p>\n<h3>CHAISES<\/h3>\n<p>Seules les chaises pliables sont autoris\u00e9es.<\/p>\n<h3>BEAU TEMPS MAUVAIS TEMPS<\/h3>\n<p>Le Festival aura lieux beau temps mauvais temps. Les concerts peuvent \u00eatre retard\u00e9s, mais reprendront apr\u00e8s que le pire de la pluie se sera calm\u00e9. Les parapluies sont autoris\u00e9s.<\/p>\n<h3>ACCESSIBILIT\u00c9<\/h3>\n<p>Il y a une plate-forme sur\u00e9lev\u00e9e pour les clients \u00e0 mobilit\u00e9 r\u00e9duite, ainsi que des toilettes accessibles situ\u00e9es sur tout le site.\u00a0 Les chaises pliantes sont permises dans la zone d\u2019admission g\u00e9n\u00e9rale et nous encourageons ceux qui pourraient avoir de la difficult\u00e9 \u00e0 se tenir debout \u00e0 les apporter.\u00a0 Les animaux d\u2019assistance dress\u00e9s sont les bienvenus, les ma\u00eetres sont tenus de veiller \u00e0 la propret\u00e9 du terrain.<\/p>\n<p>Il y aura une zone situ\u00e9e devant l&rsquo;entr\u00e9e du mus\u00e9e Canadien de la Guerre <span class=\"mw-page-title-main\">o\u00f9 <\/span>les personnes n\u00e9cessitant un transport adapt\u00e9 peuvent se faire d\u00e9poser. De l&rsquo;affichage indiquera la zone \u00e0 utiliser.<\/p>\n<p><strong>Toute personne ayant un probl\u00e8me de sant\u00e9 l\u2019obligeant \u00e0 apporter l\u2019un des articles interdits de la section \u00ab\u00a0Nourriture et boissons\u00a0\u00bb ci-dessus, s.v.p. contacter le festival \u00e0 l\u2019avance pour discuter de vos besoins et vous assurer que l\u2019autorisation appropri\u00e9e est accord\u00e9e; nous \u00e9valuerons au cas par cas.<\/strong><\/p>\n<p>Vous \u00eates invit\u00e9s \u00e0 nous contacter \u00e0 info@nostalgiafestival.ca pour de plus amples informations.<\/p>\n<h3>TABAGISME\/CANNABIS<\/h3>\n<p>Le Festival Nostalgia est un \u00e9v\u00e9nement non-fumeur; Cela comprend les cigarettes, les cigarettes \u00e9lectroniques, les vapoteuses et la marijuana.\u00a0 <em><strong>Si vous souhaitez fumer, veuillez utiliser la zone fumeurs nouvellement cr\u00e9\u00e9e ou s\u2019il vous pla\u00eet quitter le site du festival; vous pouvez sortir et entrer sans probl\u00e8me.<\/strong><\/em><\/p>\n<h3>POLITIQUES \u00c0 RESPECTER<\/h3>\n<p>Les visiteurs sont tenus de se comporter de mani\u00e8re respectueuse et s\u00e9curitaire.<\/p>\n<p>Le personnel et la direction se r\u00e9servent le droit de refuser l&rsquo;entr\u00e9e ou d&rsquo;expulser les visiteurs dont les v\u00eatements ou le comportement sont inappropri\u00e9s ou offensants.<\/p>\n<p>L&rsquo;agitation, le comportement agressif, l&rsquo;ivresse publique et l&rsquo;usage de stup\u00e9fiants ill\u00e9gaux sont des motifs d&rsquo;expulsion.<\/p>\n<p>Le festival applique une politique stricte de tol\u00e9rance z\u00e9ro pour toutes les formes de harc\u00e8lement, y compris le harc\u00e8lement sexuel. Le harc\u00e8lement, quel qu&rsquo;il soit, est un motif d&rsquo;expulsion<\/p>\n<p>La d\u00e9sob\u00e9issance \u00e0 une politique\u00a0 et le non-respect d&rsquo;une demande du personnel sont des motifs d&rsquo;expulsion.<\/p>\n<h3>TOUS LES SACS SERONT FOUILL\u00c9S<\/h3>\n<p><strong>ARTICLES INTERDITS<\/strong><\/p>\n<ul>\n<li>Substances ill\u00e9gales.<\/li>\n<li>Glaci\u00e8res de toutes sortes (dures ou molles) pour le stockage des aliments ou des boissons.<\/li>\n<li>Bouteilles en verre de toutes sortes.<\/li>\n<li>Armes, feux d\u2019artifice et p\u00e9tards, projectiles, Klaxons ou bruiteurs.<\/li>\n<li>Tout ce que la gestion ou la s\u00e9curit\u00e9 du site consid\u00e8re, \u00e0 leur enti\u00e8re discr\u00e9tion, comme un probl\u00e8me de s\u00fbret\u00e9 ou de s\u00e9curit\u00e9.<\/li>\n<\/ul>\n<p>Il est interdit d\u2019apporter de l\u2019alcool ou d\u2019en retirer les lieux du festival.<\/p>\n<p>Vous devez \u00eatre \u00e2g\u00e9 d\u2019au moins 19 ans et avoir une pi\u00e8ce d\u2019identit\u00e9 valide, d\u00e9livr\u00e9e par le gouvernement, avec photo pour acheter de l\u2019alcool au festival.<\/p>\n<p>Le mat\u00e9riel professionnel de photographie et d\u2019enregistrement est interdit; les drones, SLR, DSLR et tout autre appareil photo avec objectifs d\u00e9tachables et autres accessoires (tr\u00e9pieds, montures GoPro, etc.) ne sont pas autoris\u00e9s.<\/p>\n<p>*Le personnel et la direction se r\u00e9servent le droit de refuser l\u2019entr\u00e9e ou le service. Toute personne d\u00e9montrant des signes d\u2019intoxication, de comportement violent ou agressif, utilisant ou poss\u00e9dant des stup\u00e9fiants ill\u00e9gaux seront expuls\u00e9s des lieux.<\/p>\n<p>&nbsp;<\/p>\n","protected":false},"excerpt":{"rendered":"<p>Bienvenue \u00e0 la septi\u00e8me \u00e9dition du Festival Nostalgia. Cet \u00e9v\u00e9nement unique de cinq jours sera pr\u00e9sent\u00e9 aux Plaines LeBreton \u00e0 Ottawa, du 19 au 23 ao\u00fbt 2026. Sur cette page,<a class=\"excerpt-read-more\" href=\"https:\/\/nostalgiafestival.ca\/fr\/faq\/\" title=\"ReadFAQ\">&#8230; Read more &raquo;<\/a><\/p>\n","protected":false},"author":1,"featured_media":0,"parent":0,"menu_order":0,"comment_status":"closed","ping_status":"closed","template":"","meta":{"_acf_changed":false,"_price":"","_stock":"","_tribe_ticket_header":"","_tribe_default_ticket_provider":"","_tribe_ticket_capacity":"0","_ticket_start_date":"","_ticket_end_date":"","_tribe_ticket_show_description":"","_tribe_ticket_show_not_going":false,"_tribe_ticket_use_global_stock":"","_tribe_ticket_global_stock_level":"","_global_stock_mode":"","_global_stock_cap":"","_tribe_rsvp_for_event":"","_tribe_ticket_going_count":"","_tribe_ticket_not_going_count":"","_tribe_tickets_list":"[]","_tribe_ticket_has_attendee_info_fields":false,"footnotes":"","_tec_slr_enabled":"","_tec_slr_layout":""},"class_list":["post-4171","page","type-page","status-publish","hentry"],"acf":[],"yoast_head":"<!-- This site is optimized with the Yoast SEO plugin v27.4 - https:\/\/yoast.com\/product\/yoast-seo-wordpress\/ -->\n<title>FAQ - Nostalgia - Festival de musique<\/title>\n<meta name=\"robots\" content=\"index, follow, max-snippet:-1, max-image-preview:large, max-video-preview:-1\" \/>\n<link rel=\"canonical\" href=\"https:\/\/nostalgiafestival.ca\/fr\/faq\/\" \/>\n<meta property=\"og:locale\" content=\"fr_FR\" \/>\n<meta property=\"og:type\" content=\"article\" \/>\n<meta property=\"og:title\" content=\"FAQ - Nostalgia - Festival de musique\" \/>\n<meta property=\"og:description\" content=\"Bienvenue \u00e0 la septi\u00e8me \u00e9dition du Festival Nostalgia. Cet \u00e9v\u00e9nement unique de cinq jours sera pr\u00e9sent\u00e9 aux Plaines LeBreton \u00e0 Ottawa, du 19 au 23 ao\u00fbt 2026. Sur cette page,... Read more &raquo;\" \/>\n<meta property=\"og:url\" content=\"https:\/\/nostalgiafestival.ca\/fr\/faq\/\" \/>\n<meta property=\"og:site_name\" content=\"Nostalgia - Festival de musique\" \/>\n<meta property=\"article:modified_time\" content=\"2025-10-16T01:38:24+00:00\" \/>\n<meta name=\"twitter:card\" content=\"summary_large_image\" \/>\n<meta name=\"twitter:label1\" content=\"Dur\u00e9e de lecture estim\u00e9e\" \/>\n\t<meta name=\"twitter:data1\" content=\"6 minutes\" \/>\n<script type=\"application\/ld+json\" class=\"yoast-schema-graph\">{\"@context\":\"https:\\\/\\\/schema.org\",\"@graph\":[{\"@type\":\"WebPage\",\"@id\":\"https:\\\/\\\/nostalgiafestival.ca\\\/fr\\\/faq\\\/\",\"url\":\"https:\\\/\\\/nostalgiafestival.ca\\\/fr\\\/faq\\\/\",\"name\":\"FAQ - Nostalgia - Festival de musique\",\"isPartOf\":{\"@id\":\"https:\\\/\\\/nostalgiafestival.ca\\\/#website\"},\"datePublished\":\"2018-04-30T18:50:59+00:00\",\"dateModified\":\"2025-10-16T01:38:24+00:00\",\"breadcrumb\":{\"@id\":\"https:\\\/\\\/nostalgiafestival.ca\\\/fr\\\/faq\\\/#breadcrumb\"},\"inLanguage\":\"fr-FR\",\"potentialAction\":[{\"@type\":\"ReadAction\",\"target\":[\"https:\\\/\\\/nostalgiafestival.ca\\\/fr\\\/faq\\\/\"]}]},{\"@type\":\"BreadcrumbList\",\"@id\":\"https:\\\/\\\/nostalgiafestival.ca\\\/fr\\\/faq\\\/#breadcrumb\",\"itemListElement\":[{\"@type\":\"ListItem\",\"position\":1,\"name\":\"Home\",\"item\":\"https:\\\/\\\/nostalgiafestival.ca\\\/fr\\\/\"},{\"@type\":\"ListItem\",\"position\":2,\"name\":\"FAQ\"}]},{\"@type\":\"WebSite\",\"@id\":\"https:\\\/\\\/nostalgiafestival.ca\\\/#website\",\"url\":\"https:\\\/\\\/nostalgiafestival.ca\\\/\",\"name\":\"Nostalgia - Festival de musique\",\"description\":\"Nostalgia - Festival de musique\",\"potentialAction\":[{\"@type\":\"SearchAction\",\"target\":{\"@type\":\"EntryPoint\",\"urlTemplate\":\"https:\\\/\\\/nostalgiafestival.ca\\\/?s={search_term_string}\"},\"query-input\":{\"@type\":\"PropertyValueSpecification\",\"valueRequired\":true,\"valueName\":\"search_term_string\"}}],\"inLanguage\":\"fr-FR\"}]}<\/script>\n<!-- \/ Yoast SEO plugin. -->","yoast_head_json":{"title":"FAQ - Nostalgia - Festival de musique","robots":{"index":"index","follow":"follow","max-snippet":"max-snippet:-1","max-image-preview":"max-image-preview:large","max-video-preview":"max-video-preview:-1"},"canonical":"https:\/\/nostalgiafestival.ca\/fr\/faq\/","og_locale":"fr_FR","og_type":"article","og_title":"FAQ - Nostalgia - Festival de musique","og_description":"Bienvenue \u00e0 la septi\u00e8me \u00e9dition du Festival Nostalgia. Cet \u00e9v\u00e9nement unique de cinq jours sera pr\u00e9sent\u00e9 aux Plaines LeBreton \u00e0 Ottawa, du 19 au 23 ao\u00fbt 2026. Sur cette page,... Read more &raquo;","og_url":"https:\/\/nostalgiafestival.ca\/fr\/faq\/","og_site_name":"Nostalgia - Festival de musique","article_modified_time":"2025-10-16T01:38:24+00:00","twitter_card":"summary_large_image","twitter_misc":{"Dur\u00e9e de lecture estim\u00e9e":"6 minutes"},"schema":{"@context":"https:\/\/schema.org","@graph":[{"@type":"WebPage","@id":"https:\/\/nostalgiafestival.ca\/fr\/faq\/","url":"https:\/\/nostalgiafestival.ca\/fr\/faq\/","name":"FAQ - Nostalgia - Festival de musique","isPartOf":{"@id":"https:\/\/nostalgiafestival.ca\/#website"},"datePublished":"2018-04-30T18:50:59+00:00","dateModified":"2025-10-16T01:38:24+00:00","breadcrumb":{"@id":"https:\/\/nostalgiafestival.ca\/fr\/faq\/#breadcrumb"},"inLanguage":"fr-FR","potentialAction":[{"@type":"ReadAction","target":["https:\/\/nostalgiafestival.ca\/fr\/faq\/"]}]},{"@type":"BreadcrumbList","@id":"https:\/\/nostalgiafestival.ca\/fr\/faq\/#breadcrumb","itemListElement":[{"@type":"ListItem","position":1,"name":"Home","item":"https:\/\/nostalgiafestival.ca\/fr\/"},{"@type":"ListItem","position":2,"name":"FAQ"}]},{"@type":"WebSite","@id":"https:\/\/nostalgiafestival.ca\/#website","url":"https:\/\/nostalgiafestival.ca\/","name":"Nostalgia - Festival de musique","description":"Nostalgia - Festival de musique","potentialAction":[{"@type":"SearchAction","target":{"@type":"EntryPoint","urlTemplate":"https:\/\/nostalgiafestival.ca\/?s={search_term_string}"},"query-input":{"@type":"PropertyValueSpecification","valueRequired":true,"valueName":"search_term_string"}}],"inLanguage":"fr-FR"}]}},"ticketed":false,"_links":{"self":[{"href":"https:\/\/nostalgiafestival.ca\/fr\/wp-json\/wp\/v2\/pages\/4171","targetHints":{"allow":["GET"]}}],"collection":[{"href":"https:\/\/nostalgiafestival.ca\/fr\/wp-json\/wp\/v2\/pages"}],"about":[{"href":"https:\/\/nostalgiafestival.ca\/fr\/wp-json\/wp\/v2\/types\/page"}],"author":[{"embeddable":true,"href":"https:\/\/nostalgiafestival.ca\/fr\/wp-json\/wp\/v2\/users\/1"}],"replies":[{"embeddable":true,"href":"https:\/\/nostalgiafestival.ca\/fr\/wp-json\/wp\/v2\/comments?post=4171"}],"version-history":[{"count":52,"href":"https:\/\/nostalgiafestival.ca\/fr\/wp-json\/wp\/v2\/pages\/4171\/revisions"}],"predecessor-version":[{"id":39259,"href":"https:\/\/nostalgiafestival.ca\/fr\/wp-json\/wp\/v2\/pages\/4171\/revisions\/39259"}],"wp:attachment":[{"href":"https:\/\/nostalgiafestival.ca\/fr\/wp-json\/wp\/v2\/media?parent=4171"}],"curies":[{"name":"wp","href":"https:\/\/api.w.org\/{rel}","templated":true}]}}