{"id":4169,"date":"2018-04-30T18:51:26","date_gmt":"2018-04-30T18:51:26","guid":{"rendered":"https:\/\/nostalgiafestival.ca\/volunteers\/"},"modified":"2026-04-01T05:55:45","modified_gmt":"2026-04-01T09:55:45","slug":"benevoles","status":"publish","type":"page","link":"https:\/\/nostalgiafestival.ca\/fr\/benevoles\/","title":{"rendered":"B\u00e9n\u00e9voles"},"content":{"rendered":"<p>Laissez-vous emporter par le rythme, impr\u00e9gnez-vous de l&rsquo;ambiance et vivez une exp\u00e9rience inoubliable \u00e0 nos c\u00f4t\u00e9s lors du Festival Nostalgia 2026.<\/p>\n<p>Nous sommes ravis d&rsquo;annoncer que le recrutement des b\u00e9n\u00e9voles est d\u00e9sormais ouvert, et nous recherchons des personnes enthousiastes qui ont \u00e0 c\u0153ur le principe \u00ab Votre exp\u00e9rience = l&rsquo;exp\u00e9rience des visiteurs \u00bb. Si vous aimez la bonne musique, l&rsquo;\u00e9nergie positive et cr\u00e9er des moments m\u00e9morables pour les autres, nous serions ravis de vous compter parmi notre \u00e9quipe.<\/p>\n<p>En tant qu\u2019ambassadeur du festival, vous nous aiderez \u00e0 faire revivre la magie du pass\u00e9 \u00e0 des milliers de visiteurs qui partagent vos passions. De l\u2019accueil des participants au soutien des op\u00e9rations du festival, votre pr\u00e9sence contribue \u00e0 cr\u00e9er l\u2019ambiance qui rend cet \u00e9v\u00e9nement si sp\u00e9cial.<\/p>\n<p>\u00catre b\u00e9n\u00e9vole chez nous, c\u2019est : &#8211;<\/p>\n<p>Faire partie d\u2019une communaut\u00e9 dynamique et passionn\u00e9e de musique<\/p>\n<p>Acqu\u00e9rir une exp\u00e9rience des coulisses d\u2019un festival<\/p>\n<p>Contribuer \u00e0 cr\u00e9er un \u00e9v\u00e9nement inoubliable pour des visiteurs de tous \u00e2ges<\/p>\n<p>&nbsp;<\/p>\n","protected":false},"excerpt":{"rendered":"<p>Laissez-vous emporter par le rythme, impr\u00e9gnez-vous de l&rsquo;ambiance et vivez une exp\u00e9rience inoubliable \u00e0 nos c\u00f4t\u00e9s lors du Festival Nostalgia 2026. Nous sommes ravis d&rsquo;annoncer que le recrutement des b\u00e9n\u00e9voles<a class=\"excerpt-read-more\" href=\"https:\/\/nostalgiafestival.ca\/fr\/benevoles\/\" title=\"ReadB\u00e9n\u00e9voles\">&#8230; Read more &raquo;<\/a><\/p>\n","protected":false},"author":1,"featured_media":0,"parent":0,"menu_order":0,"comment_status":"closed","ping_status":"closed","template":"template-volunteers.php","meta":{"_acf_changed":false,"_price":"","_stock":"","_tribe_ticket_header":"","_tribe_default_ticket_provider":"Tribe__Tickets_Plus__Commerce__WooCommerce__Main","_tribe_ticket_capacity":"0","_ticket_start_date":"","_ticket_end_date":"","_tribe_ticket_show_description":"","_tribe_ticket_show_not_going":false,"_tribe_ticket_use_global_stock":"","_tribe_ticket_global_stock_level":"","_global_stock_mode":"","_global_stock_cap":"","_tribe_rsvp_for_event":"","_tribe_ticket_going_count":"","_tribe_ticket_not_going_count":"","_tribe_tickets_list":"[]","_tribe_ticket_has_attendee_info_fields":false,"footnotes":"","_tec_slr_enabled":"","_tec_slr_layout":""},"class_list":["post-4169","page","type-page","status-publish","hentry"],"acf":[],"yoast_head":"<!-- This site is optimized with the Yoast SEO plugin v27.4 - https:\/\/yoast.com\/product\/yoast-seo-wordpress\/ -->\n<title>B\u00e9n\u00e9voles - Nostalgia - Festival de musique<\/title>\n<meta name=\"robots\" content=\"index, follow, max-snippet:-1, max-image-preview:large, max-video-preview:-1\" \/>\n<link rel=\"canonical\" href=\"https:\/\/nostalgiafestival.ca\/fr\/benevoles\/\" \/>\n<meta property=\"og:locale\" content=\"fr_FR\" \/>\n<meta property=\"og:type\" content=\"article\" \/>\n<meta property=\"og:title\" content=\"B\u00e9n\u00e9voles - Nostalgia - Festival de musique\" \/>\n<meta property=\"og:description\" content=\"Laissez-vous emporter par le rythme, impr\u00e9gnez-vous de l&rsquo;ambiance et vivez une exp\u00e9rience inoubliable \u00e0 nos c\u00f4t\u00e9s lors du Festival Nostalgia 2026. Nous sommes ravis d&rsquo;annoncer que le recrutement des b\u00e9n\u00e9voles... Read more &raquo;\" \/>\n<meta property=\"og:url\" content=\"https:\/\/nostalgiafestival.ca\/fr\/benevoles\/\" \/>\n<meta property=\"og:site_name\" content=\"Nostalgia - Festival de musique\" \/>\n<meta property=\"article:modified_time\" content=\"2026-04-01T09:55:45+00:00\" \/>\n<meta name=\"twitter:card\" content=\"summary_large_image\" \/>\n<meta name=\"twitter:label1\" content=\"Dur\u00e9e de lecture estim\u00e9e\" \/>\n\t<meta name=\"twitter:data1\" content=\"1 minute\" \/>\n<script type=\"application\/ld+json\" class=\"yoast-schema-graph\">{\"@context\":\"https:\\\/\\\/schema.org\",\"@graph\":[{\"@type\":\"WebPage\",\"@id\":\"https:\\\/\\\/nostalgiafestival.ca\\\/fr\\\/benevoles\\\/\",\"url\":\"https:\\\/\\\/nostalgiafestival.ca\\\/fr\\\/benevoles\\\/\",\"name\":\"B\u00e9n\u00e9voles - Nostalgia - Festival de musique\",\"isPartOf\":{\"@id\":\"https:\\\/\\\/nostalgiafestival.ca\\\/#website\"},\"datePublished\":\"2018-04-30T18:51:26+00:00\",\"dateModified\":\"2026-04-01T09:55:45+00:00\",\"breadcrumb\":{\"@id\":\"https:\\\/\\\/nostalgiafestival.ca\\\/fr\\\/benevoles\\\/#breadcrumb\"},\"inLanguage\":\"fr-FR\",\"potentialAction\":[{\"@type\":\"ReadAction\",\"target\":[\"https:\\\/\\\/nostalgiafestival.ca\\\/fr\\\/benevoles\\\/\"]}]},{\"@type\":\"BreadcrumbList\",\"@id\":\"https:\\\/\\\/nostalgiafestival.ca\\\/fr\\\/benevoles\\\/#breadcrumb\",\"itemListElement\":[{\"@type\":\"ListItem\",\"position\":1,\"name\":\"Home\",\"item\":\"https:\\\/\\\/nostalgiafestival.ca\\\/fr\\\/\"},{\"@type\":\"ListItem\",\"position\":2,\"name\":\"B\u00e9n\u00e9voles\"}]},{\"@type\":\"WebSite\",\"@id\":\"https:\\\/\\\/nostalgiafestival.ca\\\/#website\",\"url\":\"https:\\\/\\\/nostalgiafestival.ca\\\/\",\"name\":\"Nostalgia - Festival de musique\",\"description\":\"Nostalgia - Festival de musique\",\"potentialAction\":[{\"@type\":\"SearchAction\",\"target\":{\"@type\":\"EntryPoint\",\"urlTemplate\":\"https:\\\/\\\/nostalgiafestival.ca\\\/?s={search_term_string}\"},\"query-input\":{\"@type\":\"PropertyValueSpecification\",\"valueRequired\":true,\"valueName\":\"search_term_string\"}}],\"inLanguage\":\"fr-FR\"}]}<\/script>\n<!-- \/ Yoast SEO plugin. -->","yoast_head_json":{"title":"B\u00e9n\u00e9voles - Nostalgia - Festival de musique","robots":{"index":"index","follow":"follow","max-snippet":"max-snippet:-1","max-image-preview":"max-image-preview:large","max-video-preview":"max-video-preview:-1"},"canonical":"https:\/\/nostalgiafestival.ca\/fr\/benevoles\/","og_locale":"fr_FR","og_type":"article","og_title":"B\u00e9n\u00e9voles - Nostalgia - Festival de musique","og_description":"Laissez-vous emporter par le rythme, impr\u00e9gnez-vous de l&rsquo;ambiance et vivez une exp\u00e9rience inoubliable \u00e0 nos c\u00f4t\u00e9s lors du Festival Nostalgia 2026. Nous sommes ravis d&rsquo;annoncer que le recrutement des b\u00e9n\u00e9voles... Read more &raquo;","og_url":"https:\/\/nostalgiafestival.ca\/fr\/benevoles\/","og_site_name":"Nostalgia - Festival de musique","article_modified_time":"2026-04-01T09:55:45+00:00","twitter_card":"summary_large_image","twitter_misc":{"Dur\u00e9e de lecture estim\u00e9e":"1 minute"},"schema":{"@context":"https:\/\/schema.org","@graph":[{"@type":"WebPage","@id":"https:\/\/nostalgiafestival.ca\/fr\/benevoles\/","url":"https:\/\/nostalgiafestival.ca\/fr\/benevoles\/","name":"B\u00e9n\u00e9voles - Nostalgia - Festival de musique","isPartOf":{"@id":"https:\/\/nostalgiafestival.ca\/#website"},"datePublished":"2018-04-30T18:51:26+00:00","dateModified":"2026-04-01T09:55:45+00:00","breadcrumb":{"@id":"https:\/\/nostalgiafestival.ca\/fr\/benevoles\/#breadcrumb"},"inLanguage":"fr-FR","potentialAction":[{"@type":"ReadAction","target":["https:\/\/nostalgiafestival.ca\/fr\/benevoles\/"]}]},{"@type":"BreadcrumbList","@id":"https:\/\/nostalgiafestival.ca\/fr\/benevoles\/#breadcrumb","itemListElement":[{"@type":"ListItem","position":1,"name":"Home","item":"https:\/\/nostalgiafestival.ca\/fr\/"},{"@type":"ListItem","position":2,"name":"B\u00e9n\u00e9voles"}]},{"@type":"WebSite","@id":"https:\/\/nostalgiafestival.ca\/#website","url":"https:\/\/nostalgiafestival.ca\/","name":"Nostalgia - Festival de musique","description":"Nostalgia - Festival de musique","potentialAction":[{"@type":"SearchAction","target":{"@type":"EntryPoint","urlTemplate":"https:\/\/nostalgiafestival.ca\/?s={search_term_string}"},"query-input":{"@type":"PropertyValueSpecification","valueRequired":true,"valueName":"search_term_string"}}],"inLanguage":"fr-FR"}]}},"ticketed":false,"_links":{"self":[{"href":"https:\/\/nostalgiafestival.ca\/fr\/wp-json\/wp\/v2\/pages\/4169","targetHints":{"allow":["GET"]}}],"collection":[{"href":"https:\/\/nostalgiafestival.ca\/fr\/wp-json\/wp\/v2\/pages"}],"about":[{"href":"https:\/\/nostalgiafestival.ca\/fr\/wp-json\/wp\/v2\/types\/page"}],"author":[{"embeddable":true,"href":"https:\/\/nostalgiafestival.ca\/fr\/wp-json\/wp\/v2\/users\/1"}],"replies":[{"embeddable":true,"href":"https:\/\/nostalgiafestival.ca\/fr\/wp-json\/wp\/v2\/comments?post=4169"}],"version-history":[{"count":49,"href":"https:\/\/nostalgiafestival.ca\/fr\/wp-json\/wp\/v2\/pages\/4169\/revisions"}],"predecessor-version":[{"id":41086,"href":"https:\/\/nostalgiafestival.ca\/fr\/wp-json\/wp\/v2\/pages\/4169\/revisions\/41086"}],"wp:attachment":[{"href":"https:\/\/nostalgiafestival.ca\/fr\/wp-json\/wp\/v2\/media?parent=4169"}],"curies":[{"name":"wp","href":"https:\/\/api.w.org\/{rel}","templated":true}]}}