{"id":31174,"date":"2024-10-01T09:49:05","date_gmt":"2024-10-01T13:49:05","guid":{"rendered":"https:\/\/nostalgiafestival.ca\/?page_id=31174"},"modified":"2024-10-01T10:18:25","modified_gmt":"2024-10-01T14:18:25","slug":"politique-dachat-de-billets","status":"publish","type":"page","link":"https:\/\/nostalgiafestival.ca\/fr\/politique-dachat-de-billets\/","title":{"rendered":"Politique d&rsquo;achat de billets"},"content":{"rendered":"<h2><strong>ACCORD SUR LES CONDITIONS D&rsquo;ACHAT DES BILLETS<\/strong><\/h2>\n<p>Festival Nostalgia d&rsquo;Ottawa<\/p>\n<p>LES BILLETS SONT EN VENTE FINALE &#8211; AUCUN REMBOURSEMENT, \u00c9CHANGE OU SURCLASSEMENT.<\/p>\n<p>Accord sur les conditions d&rsquo;utilisation des billets<\/p>\n<p>Le d\u00e9tenteur de ce billet [1] est admis \u00e0 l&rsquo; \u00ab \u00c9v\u00e9nement \u00bb \u00e0 condition qu&rsquo;il\/elle accepte, par l&rsquo;utilisation de ce billet, ce qui suit :<\/p>\n<p>Les objets interdits lors de l&rsquo;\u00e9v\u00e9nement et sur le lieu de l&rsquo;\u00e9v\u00e9nement comprennent, sans s&rsquo;y limiter<\/p>\n<ul>\n<li>Les armes de toute sorte (y compris les couteaux, les b\u00e2tons, les arcs, les fusils, les marteaux, les haches) ;<\/li>\n<li>Les bicyclettes dans l&rsquo;enceinte du festival ;<\/li>\n<li>Les planches \u00e0 roulettes, les rollers, les trottinettes, les chariots ou les v\u00e9hicules motoris\u00e9s personnalis\u00e9s (\u00e0 l&rsquo;exception des fauteuils roulants) ;<\/li>\n<li>Substances ill\u00e9gales ou mat\u00e9riel d\u00e9sign\u00e9 \u00e0 l\u2019usage de drogue ;<\/li>\n<li>Il est interdit d&rsquo;apporter de l&rsquo;alcool sur le site. L&rsquo;alcool achet\u00e9 \u00e0 l&rsquo;int\u00e9rieur du site doit \u00eatre consomm\u00e9 \u00e0 l&rsquo;int\u00e9rieur du site du festival ;<\/li>\n<li>Les animaux domestiques (\u00e0 l&rsquo;exception des chiens d&rsquo;assistance) ;<\/li>\n<li>Les parasols de plage ou de golf trop grands ;<\/li>\n<li>Les glaci\u00e8res de toutes sortes, qu&rsquo;elles soient rigides ou souples ;<\/li>\n<li>Les r\u00e9cipients en verre ;<\/li>\n<li>La vente non autoris\u00e9e, la sollicitation, l&rsquo;\u00e9chantillonnage, de quelque nature que ce soit ;<\/li>\n<li>Mat\u00e9riel vid\u00e9o\/photographique professionnel, y compris les appareils d&rsquo;enregistrement audio ;<\/li>\n<li>Couleurs, symboles ou autre attirail li\u00e9 aux gangs ;<\/li>\n<li>Feux d&rsquo;artifice ;<\/li>\n<li>\u00c9quipement sportif &#8211; ballons de plage, ballons de volley, ballons de soccer, ballons de football, ballons de baseball ;<\/li>\n<li>Pistolets \u00e0 eau ou jouets aquatiques ;<\/li>\n<li>Tentes ;<\/li>\n<li>M\u00e9gaphones, klaxons, vuvuzelas et autres dispositifs bruyants ;<\/li>\n<li>Chaises non pliables ;<\/li>\n<li>Flammes nues (y compris les bougies chauffe-plat, les feux d&rsquo;artifice, les fus\u00e9es \u00e9clairantes, les jouets de feu, etc.) Les briquets sont autoris\u00e9s ;<\/li>\n<li>Substances nocives (carburant, etc.) provoquant des maladies ou des r\u00e9actions ;<\/li>\n<li>Autres politiques du festival communiqu\u00e9es par l&rsquo;\u00e9v\u00e9nement avant la date de l&rsquo;\u00e9v\u00e9nement.<\/li>\n<\/ul>\n<p>Ni l&rsquo;\u00e9v\u00e9nement ni le lieu ne sont responsables des billets invalid\u00e9s en raison d&rsquo;une violation des politiques, de dommages caus\u00e9s par l&rsquo;utilisateur ou d&rsquo;une distribution non autoris\u00e9e.<\/p>\n<p>Le billet n&rsquo;est pas valable si le code QR ou le bracelet est dupliqu\u00e9, retir\u00e9 ou falsifi\u00e9.<\/p>\n<p>L&rsquo;admission est assujettie au respect des lois, des r\u00e8glements et des r\u00e8gles des installations (les r\u00e8gles) applicables au Festival Nostalgia d&rsquo;Ottawa (l\u2019\u00e9metteur), au parc des Plaines Lebreton (le site), \u00e0 la Ville d&rsquo;Ottawa\/Commission de la capitale nationale, \u00e0 la province de l&rsquo;Ontario et aux r\u00e8glements du gouvernement f\u00e9d\u00e9ral canadien.<\/p>\n<p>Le d\u00e9tenteur consent \u00e0 ce que sa personne et ses biens fassent l&rsquo;objet d&rsquo;un examen raisonnable afin de s&rsquo;assurer qu&rsquo;il se conforme aux r\u00e8glements. Le Festival Nostalgia d\u2019Ottawa se r\u00e9serve le droit d&rsquo;inspecter les effets personnels des participants et de confisquer les articles interdits sans compensation.<\/p>\n<p>Une preuve d&rsquo;\u00e2ge peut \u00eatre demand\u00e9e \u00e0 la porte avant l&rsquo;entr\u00e9e.<\/p>\n<p>LES BILLETS SONT EN VENTE FINALE &#8211; PAS DE REMBOURSEMENT, D&rsquo;\u00c9CHANGE OU DE SURCLASSEMENT. Sauf mention explicite, les billets sont vendus pour l&rsquo;ensemble du festival et non pour des spectacles sp\u00e9cifiques. Les billets ne seront pas rembours\u00e9s en cas de mauvais temps ou d&rsquo;annulation d&rsquo;un artiste. Les billets perdus, vol\u00e9s, d\u00e9truits ou endommag\u00e9s (sous forme de bracelet ou de bon) ne seront en aucun cas rembours\u00e9s ou honor\u00e9s. Les d\u00e9tenteurs d&rsquo;un laissez-passer enregistr\u00e9 peuvent demander un remplacement. L&rsquo;\u00e9metteur se r\u00e9serve le droit de refuser ou de limiter les remplacements et\/ou de facturer des frais pour ce service.<\/p>\n<p>Ce billet est une licence r\u00e9vocable ; il peut \u00eatre retir\u00e9, l&rsquo;entr\u00e9e peut \u00eatre refus\u00e9e ou le d\u00e9tenteur peut \u00eatre expuls\u00e9 des lieux \u00e0 tout moment et pour quelque raison que ce soit, sans remboursement ni recours de la part du d\u00e9tenteur si ce dernier enfreint les politiques du festival.<\/p>\n<p>LA REVENTE OU LA TENTATIVE DE REVENTE EST STRICTEMENT INTERDITE SANS L&rsquo;AUTORISATION DE L&rsquo;EMETTEUR. NOUS NE POUVONS PAS AIDER OU V\u00c9RIFIER LES BILLETS ACHET\u00c9S PAR L&rsquo;INTERM\u00c9DIAIRE D&rsquo;UN SITE OU D&rsquo;UN VENDEUR TIERS.<\/p>\n<p>LE D\u00c9TENTEUR DE CE BILLET RECONNA\u00ceT ET ASSUME VOLONTAIREMENT TOUS LES RISQUES LI\u00c9S DE QUELQUE MANI\u00c8RE QUE CE SOIT \u00c0 L&rsquo;\u00c9V\u00c9NEMENT (Y COMPRIS, MAIS SANS S&rsquo;Y LIMITER, LES RISQUES DE BLESSURES CORPORELLES, DE PERTES ET\/OU DE DOMMAGES MAT\u00c9RIELS) SURVENANT OU R\u00c9SULTANT DE QUELQUE CAUSE QUE CE SOIT (Y COMPRIS, SANS S&rsquo;Y LIMITER, PAR LES ARTISTES, LES SPECTATEURS, LES OBJETS ET AUTRES RISQUES INH\u00c9RENTS \u00c0 L&rsquo;\u00c9V\u00c9NEMENT ET LA N\u00c9GLIGENCE) ET SURVENANT AVANT, PENDANT OU APR\u00c8S L&rsquo;\u00c9V\u00c9NEMENT.<\/p>\n<p>Le d\u00e9tenteur accepte que l&rsquo;\u00e9metteur, le site et chacun de leurs affili\u00e9s, parents, entit\u00e9s li\u00e9es, propri\u00e9taires, gouverneurs, dirigeants, administrateurs, partenaires, partenariats, commanditaires, directeurs, employ\u00e9s, b\u00e9n\u00e9voles et agents soient express\u00e9ment lib\u00e9r\u00e9s et d\u00e9charg\u00e9s \u00e0 jamais par le d\u00e9tenteur de toute r\u00e9clamation d\u00e9coulant de et li\u00e9e \u00e0 ces risques ou se produisant autrement lors de l&rsquo;\u00e9v\u00e9nement ou en relation avec celui-ci. Le titulaire s&rsquo;engage \u00e0 respecter les politiques de l&rsquo;\u00e9metteur et \u00e0 ne pas faire d&rsquo;utilisation commerciale ou non autoris\u00e9e du nom, de la marque ou du logo de l&rsquo;\u00e9metteur ou de l&rsquo;\u00e9v\u00e9nement.<\/p>\n<p>Ce billet ne peut \u00eatre utilis\u00e9 de quelque mani\u00e8re que ce soit dans le cadre d&rsquo;une promotion de marchandises ou de services de quelque nature que ce soit ou \u00e0 d&rsquo;autres fins commerciales (y compris les concours et les loteries), sauf autorisation expresse de l&rsquo;\u00e9metteur. Le titulaire consent \u00e0 l&rsquo;utilisation par le producteur de l&rsquo;\u00e9v\u00e9nement, sans compensation, de son image ou de sa ressemblance dans le cadre de la transmission ou de la reproduction de l&rsquo;\u00e9v\u00e9nement.<\/p>\n<p>L&rsquo;\u00e9metteur se r\u00e9serve le droit de modifier les r\u00e8gles en tout temps sans pr\u00e9avis.<\/p>\n<p>\u00a9 2024 Festival Nostalgia d&rsquo;Ottawa<\/p>\n<p>[1] Dans le pr\u00e9sent document, le terme \u00ab billet \u00bb fait r\u00e9f\u00e9rence au statut d&rsquo;admission au site re\u00e7u par le d\u00e9tenteur de la part de l&rsquo;\u00e9metteur, que ce soit sous la forme d&rsquo;un bon ou d&rsquo;un bracelet. Les bons ne donnent pas acc\u00e8s au parc et doivent \u00eatre \u00e9chang\u00e9s contre des bracelets avant d&rsquo;entrer sur le site.<\/p>\n","protected":false},"excerpt":{"rendered":"<p>ACCORD SUR LES CONDITIONS D&rsquo;ACHAT DES BILLETS Festival Nostalgia d&rsquo;Ottawa LES BILLETS SONT EN VENTE FINALE &#8211; AUCUN REMBOURSEMENT, \u00c9CHANGE OU SURCLASSEMENT. Accord sur les conditions d&rsquo;utilisation des billets Le<a class=\"excerpt-read-more\" href=\"https:\/\/nostalgiafestival.ca\/fr\/politique-dachat-de-billets\/\" title=\"ReadPolitique d&rsquo;achat de billets\">&#8230; Read more &raquo;<\/a><\/p>\n","protected":false},"author":559,"featured_media":0,"parent":0,"menu_order":0,"comment_status":"closed","ping_status":"closed","template":"","meta":{"_acf_changed":false,"_price":"","_stock":"","_tribe_ticket_header":"","_tribe_default_ticket_provider":"Tribe__Tickets_Plus__Commerce__WooCommerce__Main","_tribe_ticket_capacity":"0","_ticket_start_date":"","_ticket_end_date":"","_tribe_ticket_show_description":"","_tribe_ticket_show_not_going":false,"_tribe_ticket_use_global_stock":"","_tribe_ticket_global_stock_level":"","_global_stock_mode":"","_global_stock_cap":"","_tribe_rsvp_for_event":"","_tribe_ticket_going_count":"","_tribe_ticket_not_going_count":"","_tribe_tickets_list":"[]","_tribe_ticket_has_attendee_info_fields":false,"footnotes":"","_tec_slr_enabled":"","_tec_slr_layout":""},"class_list":["post-31174","page","type-page","status-publish","hentry"],"acf":[],"yoast_head":"<!-- This site is optimized with the Yoast SEO plugin v27.4 - https:\/\/yoast.com\/product\/yoast-seo-wordpress\/ -->\n<title>Politique d&#039;achat de billets - Nostalgia - Festival de musique<\/title>\n<meta name=\"robots\" content=\"index, follow, max-snippet:-1, max-image-preview:large, max-video-preview:-1\" \/>\n<link rel=\"canonical\" href=\"https:\/\/nostalgiafestival.ca\/fr\/politique-dachat-de-billets\/\" \/>\n<meta property=\"og:locale\" content=\"fr_FR\" \/>\n<meta property=\"og:type\" content=\"article\" \/>\n<meta property=\"og:title\" content=\"Politique d&#039;achat de billets - Nostalgia - Festival de musique\" \/>\n<meta property=\"og:description\" content=\"ACCORD SUR LES CONDITIONS D&rsquo;ACHAT DES BILLETS Festival Nostalgia d&rsquo;Ottawa LES BILLETS SONT EN VENTE FINALE &#8211; AUCUN REMBOURSEMENT, \u00c9CHANGE OU SURCLASSEMENT. Accord sur les conditions d&rsquo;utilisation des billets Le... Read more &raquo;\" \/>\n<meta property=\"og:url\" content=\"https:\/\/nostalgiafestival.ca\/fr\/politique-dachat-de-billets\/\" \/>\n<meta property=\"og:site_name\" content=\"Nostalgia - Festival de musique\" \/>\n<meta property=\"article:modified_time\" content=\"2024-10-01T14:18:25+00:00\" \/>\n<meta name=\"twitter:card\" content=\"summary_large_image\" \/>\n<script type=\"application\/ld+json\" class=\"yoast-schema-graph\">{\"@context\":\"https:\\\/\\\/schema.org\",\"@graph\":[{\"@type\":\"WebPage\",\"@id\":\"https:\\\/\\\/nostalgiafestival.ca\\\/fr\\\/politique-dachat-de-billets\\\/\",\"url\":\"https:\\\/\\\/nostalgiafestival.ca\\\/fr\\\/politique-dachat-de-billets\\\/\",\"name\":\"Politique d'achat de billets - Nostalgia - Festival de musique\",\"isPartOf\":{\"@id\":\"https:\\\/\\\/nostalgiafestival.ca\\\/#website\"},\"datePublished\":\"2024-10-01T13:49:05+00:00\",\"dateModified\":\"2024-10-01T14:18:25+00:00\",\"breadcrumb\":{\"@id\":\"https:\\\/\\\/nostalgiafestival.ca\\\/fr\\\/politique-dachat-de-billets\\\/#breadcrumb\"},\"inLanguage\":\"fr-FR\",\"potentialAction\":[{\"@type\":\"ReadAction\",\"target\":[\"https:\\\/\\\/nostalgiafestival.ca\\\/fr\\\/politique-dachat-de-billets\\\/\"]}]},{\"@type\":\"BreadcrumbList\",\"@id\":\"https:\\\/\\\/nostalgiafestival.ca\\\/fr\\\/politique-dachat-de-billets\\\/#breadcrumb\",\"itemListElement\":[{\"@type\":\"ListItem\",\"position\":1,\"name\":\"Home\",\"item\":\"https:\\\/\\\/nostalgiafestival.ca\\\/fr\\\/\"},{\"@type\":\"ListItem\",\"position\":2,\"name\":\"Politique d&#8217;achat de billets\"}]},{\"@type\":\"WebSite\",\"@id\":\"https:\\\/\\\/nostalgiafestival.ca\\\/#website\",\"url\":\"https:\\\/\\\/nostalgiafestival.ca\\\/\",\"name\":\"Nostalgia - Festival de musique\",\"description\":\"Nostalgia - Festival de musique\",\"potentialAction\":[{\"@type\":\"SearchAction\",\"target\":{\"@type\":\"EntryPoint\",\"urlTemplate\":\"https:\\\/\\\/nostalgiafestival.ca\\\/?s={search_term_string}\"},\"query-input\":{\"@type\":\"PropertyValueSpecification\",\"valueRequired\":true,\"valueName\":\"search_term_string\"}}],\"inLanguage\":\"fr-FR\"}]}<\/script>\n<!-- \/ Yoast SEO plugin. -->","yoast_head_json":{"title":"Politique d'achat de billets - Nostalgia - Festival de musique","robots":{"index":"index","follow":"follow","max-snippet":"max-snippet:-1","max-image-preview":"max-image-preview:large","max-video-preview":"max-video-preview:-1"},"canonical":"https:\/\/nostalgiafestival.ca\/fr\/politique-dachat-de-billets\/","og_locale":"fr_FR","og_type":"article","og_title":"Politique d'achat de billets - Nostalgia - Festival de musique","og_description":"ACCORD SUR LES CONDITIONS D&rsquo;ACHAT DES BILLETS Festival Nostalgia d&rsquo;Ottawa LES BILLETS SONT EN VENTE FINALE &#8211; AUCUN REMBOURSEMENT, \u00c9CHANGE OU SURCLASSEMENT. Accord sur les conditions d&rsquo;utilisation des billets Le... Read more &raquo;","og_url":"https:\/\/nostalgiafestival.ca\/fr\/politique-dachat-de-billets\/","og_site_name":"Nostalgia - Festival de musique","article_modified_time":"2024-10-01T14:18:25+00:00","twitter_card":"summary_large_image","schema":{"@context":"https:\/\/schema.org","@graph":[{"@type":"WebPage","@id":"https:\/\/nostalgiafestival.ca\/fr\/politique-dachat-de-billets\/","url":"https:\/\/nostalgiafestival.ca\/fr\/politique-dachat-de-billets\/","name":"Politique d'achat de billets - Nostalgia - Festival de musique","isPartOf":{"@id":"https:\/\/nostalgiafestival.ca\/#website"},"datePublished":"2024-10-01T13:49:05+00:00","dateModified":"2024-10-01T14:18:25+00:00","breadcrumb":{"@id":"https:\/\/nostalgiafestival.ca\/fr\/politique-dachat-de-billets\/#breadcrumb"},"inLanguage":"fr-FR","potentialAction":[{"@type":"ReadAction","target":["https:\/\/nostalgiafestival.ca\/fr\/politique-dachat-de-billets\/"]}]},{"@type":"BreadcrumbList","@id":"https:\/\/nostalgiafestival.ca\/fr\/politique-dachat-de-billets\/#breadcrumb","itemListElement":[{"@type":"ListItem","position":1,"name":"Home","item":"https:\/\/nostalgiafestival.ca\/fr\/"},{"@type":"ListItem","position":2,"name":"Politique d&#8217;achat de billets"}]},{"@type":"WebSite","@id":"https:\/\/nostalgiafestival.ca\/#website","url":"https:\/\/nostalgiafestival.ca\/","name":"Nostalgia - Festival de musique","description":"Nostalgia - Festival de musique","potentialAction":[{"@type":"SearchAction","target":{"@type":"EntryPoint","urlTemplate":"https:\/\/nostalgiafestival.ca\/?s={search_term_string}"},"query-input":{"@type":"PropertyValueSpecification","valueRequired":true,"valueName":"search_term_string"}}],"inLanguage":"fr-FR"}]}},"ticketed":false,"_links":{"self":[{"href":"https:\/\/nostalgiafestival.ca\/fr\/wp-json\/wp\/v2\/pages\/31174","targetHints":{"allow":["GET"]}}],"collection":[{"href":"https:\/\/nostalgiafestival.ca\/fr\/wp-json\/wp\/v2\/pages"}],"about":[{"href":"https:\/\/nostalgiafestival.ca\/fr\/wp-json\/wp\/v2\/types\/page"}],"author":[{"embeddable":true,"href":"https:\/\/nostalgiafestival.ca\/fr\/wp-json\/wp\/v2\/users\/559"}],"replies":[{"embeddable":true,"href":"https:\/\/nostalgiafestival.ca\/fr\/wp-json\/wp\/v2\/comments?post=31174"}],"version-history":[{"count":2,"href":"https:\/\/nostalgiafestival.ca\/fr\/wp-json\/wp\/v2\/pages\/31174\/revisions"}],"predecessor-version":[{"id":31176,"href":"https:\/\/nostalgiafestival.ca\/fr\/wp-json\/wp\/v2\/pages\/31174\/revisions\/31176"}],"wp:attachment":[{"href":"https:\/\/nostalgiafestival.ca\/fr\/wp-json\/wp\/v2\/media?parent=31174"}],"curies":[{"name":"wp","href":"https:\/\/api.w.org\/{rel}","templated":true}]}}