{"id":31172,"date":"2024-10-01T09:48:20","date_gmt":"2024-10-01T13:48:20","guid":{"rendered":"https:\/\/nostalgiafestival.ca\/?page_id=31172"},"modified":"2024-10-01T10:23:10","modified_gmt":"2024-10-01T14:23:10","slug":"politique-de-confidentialite","status":"publish","type":"page","link":"https:\/\/nostalgiafestival.ca\/fr\/politique-de-confidentialite\/","title":{"rendered":"Politique de confidentialit\u00e9"},"content":{"rendered":"<h3>D\u00c9CLARATION G\u00c9N\u00c9RALE DE CONFIDENTIALIT\u00c9 ET DE PROTECTION DES RENSEIGNEMENTS PERSONNELS<\/h3>\n<p>Le Festival Nostalgia d\u2019Ottawa prend tr\u00e8s au s\u00e9rieux la protection de votre vie priv\u00e9e et la s\u00e9curit\u00e9 de vos renseignements personnels. Nous avons mis en place un environnement s\u00e9curis\u00e9 et cette politique stricte qui d\u00e9crit les fa\u00e7ons limit\u00e9es dont les informations sont utilis\u00e9es et l&rsquo;acc\u00e8s limit\u00e9 \u00e0 ces informations.<\/p>\n<h3>COLLECTE DE RENSEIGNEMENTS PERSONNELS PAR L&rsquo;ENTREMISE DU SYST\u00c8ME DE BILLETTERIE<\/h3>\n<p>Lorsque vous utilisez le syst\u00e8me de billetterie pour acheter des billets, le Festival Nostalgia d\u2019Ottawa recueille les renseignements personnels suivants : nom, adresse \u00e9lectronique, renseignements sur la carte de cr\u00e9dit et renseignements sur la facturation, y compris l&rsquo;adresse et le num\u00e9ro de t\u00e9l\u00e9phone. Ces renseignements ne sont utilis\u00e9s qu&rsquo;aux fins suivantes : traitement des cartes de cr\u00e9dit ; communication avec vous en cas d&rsquo;annulation, de report ou de tout autre changement important apport\u00e9 \u00e0 un \u00e9v\u00e9nement ; et publicit\u00e9 ou marketing.<\/p>\n<h3>RETRAIT DE LA LISTE D&rsquo;ENVOI ET SUPPRESSION DES INFORMATIONS PERSONNELLES<\/h3>\n<p>Vous pouvez vous d\u00e9sabonner de la liste d&rsquo;envoi du Festival Nostalgia d\u2019Ottawa en tout temps, en suivant le lien qui se trouve au bas de tous les courriels. Veuillez noter que le fait de vous d\u00e9sabonner de la liste de diffusion de cette mani\u00e8re ne supprime pas n\u00e9cessairement tous vos renseignements personnels des bases de donn\u00e9es du Festival Nostalgia d\u2019Ottawa. Si vous souhaitez vous assurer que toutes les informations personnelles sont supprim\u00e9es de nos bases de donn\u00e9es, veuillez nous contacter.<\/p>\n<h3>COLLECTE LIMIT\u00c9E D&rsquo;INFORMATIONS \u00c0 DES FINS STATISTIQUES ET DE S\u00c9CURIT\u00c9<\/h3>\n<p>Le Festival Nostalgia d&rsquo;Ottawa recueille automatiquement certains renseignements \u00e0 l&rsquo;aide d&rsquo;un programme d&rsquo;analyse tiers, Google Analytics, pour nous aider \u00e0 comprendre comment nos utilisateurs se servent des services, mais aucun de ces renseignements ne vous identifie personnellement. Par exemple, chaque fois que vous visitez le site Web ou que vous utilisez les services d&rsquo;une autre mani\u00e8re, nous recueillons automatiquement votre adresse IP, votre type de navigateur et d&rsquo;ordinateur, vos temps d&rsquo;acc\u00e8s, la page Web d&rsquo;o\u00f9 vous venez et la ou les pages Web auxquelles vous acc\u00e9dez (le cas \u00e9ch\u00e9ant). Nous utilisons ces renseignements uniquement pour mieux comprendre vos besoins et ceux des utilisateurs des services dans l&rsquo;ensemble. Le Festival Nostalgia d&rsquo;Ottawa utilise \u00e9galement les renseignements recueillis \u00e0 des fins statistiques pour suivre le nombre de visites sur le site Web et les pages du site Web en vue d&rsquo;y apporter des am\u00e9liorations. Votre adresse IP et d&rsquo;autres renseignements pertinents peuvent \u00eatre utilis\u00e9s pour retracer toute activit\u00e9 frauduleuse ou criminelle, ou toute activit\u00e9 en violation des conditions de service.<\/p>\n<h3>NON-DIVULGATION DES RENSEIGNEMENTS PERSONNELS \u00c0 DES TIERS<\/h3>\n<p>Sauf dans les cas pr\u00e9vus dans les paragraphes suivants, le Festival Nostalgia d\u2019Ottawa ne divulgue pas \u00e0 des tiers les renseignements personnels recueillis par l&rsquo;interm\u00e9diaire des services. De plus, le Festival Nostalgia d\u2019Ottawa ne vend aucune information concernant ses utilisateurs \u00e0 des tiers. Seuls les employ\u00e9s, repr\u00e9sentants, sous-traitants ou dirigeants du Festival Nostalgia d\u2019Ottawa sont responsables de la gestion et du d\u00e9veloppement des Services, et seules ces personnes ont acc\u00e8s aux informations qui y sont collect\u00e9es. Ces employ\u00e9s, repr\u00e9sentants, sous-traitants ou dirigeants ont tous re\u00e7u l&rsquo;instruction de se conformer \u00e0 la Politique. Nonobstant toute disposition contraire de la Politique, nous pouvons partager toute information que nous avons recueillie \u00e0 votre sujet ou que vous avez soumise : (1) en r\u00e9ponse \u00e0 des citations \u00e0 compara\u00eetre, \u00e0 des ordonnances judiciaires ou \u00e0 des proc\u00e9dures l\u00e9gales, ou pour \u00e9tablir, prot\u00e9ger ou exercer nos droits l\u00e9gaux ou nous d\u00e9fendre contre des r\u00e9clamations ou des demandes l\u00e9gales ; (2) si nous estimons que cela est n\u00e9cessaire pour enqu\u00eater sur des activit\u00e9s ill\u00e9gales, des fraudes ou des situations impliquant des menaces potentielles pour la s\u00e9curit\u00e9 de toute personne, pour les pr\u00e9venir ou pour prendre des mesures \u00e0 leur \u00e9gard ; (3) si nous pensons qu&rsquo;il est n\u00e9cessaire d&rsquo;enqu\u00eater, de pr\u00e9venir ou de prendre des mesures concernant des situations qui impliquent une utilisation abusive de l&rsquo;infrastructure des services ou de l&rsquo;internet en g\u00e9n\u00e9ral (telles que des spams volumineux, des attaques par d\u00e9ni de service ou des tentatives de compromettre la s\u00e9curit\u00e9 de l&rsquo;infrastructure du site web ou des services en g\u00e9n\u00e9ral) ; (4) \u00e0 une soci\u00e9t\u00e9 m\u00e8re, \u00e0 des filiales, \u00e0 des co-entreprises ou \u00e0 d&rsquo;autres soci\u00e9t\u00e9s sous contr\u00f4le commun avec le Festival Nostalgia d\u2019Ottawa (dans ce cas, nous demanderons \u00e0 ces entit\u00e9s de respecter la pr\u00e9sente politique) ; (5) si le Festival Nostalgia d\u2019Ottawa est acquis par une autre entit\u00e9 ou fusionn\u00e9 avec elle (dans ce cas, nous demanderons \u00e0 cette entit\u00e9 d&rsquo;assumer nos obligations en vertu de la pr\u00e9sente politique ou nous vous informerons que vous \u00eates couvert par une nouvelle politique de protection de la vie priv\u00e9e.<\/p>\n<h3>COOKIES PUBLICITAIRES<\/h3>\n<p>Lorsque vous naviguez sur www.nostalgiafestival.ca, des \u00ab cookies \u00bb publicitaires peuvent \u00eatre plac\u00e9s sur votre ordinateur afin que nous puissions comprendre ce qui vous int\u00e9resse. Nos partenaires publicitaires nous permettent alors de vous pr\u00e9senter des publicit\u00e9s de re ciblage sur d&rsquo;autres sites en fonction de votre interaction pr\u00e9c\u00e9dente avec www.nostalgiafestival.ca. Les techniques utilis\u00e9es par nos partenaires ne collectent pas d&rsquo;informations personnelles telles que votre nom, votre adresse \u00e9lectronique, votre adresse postale ou votre num\u00e9ro de t\u00e9l\u00e9phone.<\/p>\n","protected":false},"excerpt":{"rendered":"<p>D\u00c9CLARATION G\u00c9N\u00c9RALE DE CONFIDENTIALIT\u00c9 ET DE PROTECTION DES RENSEIGNEMENTS PERSONNELS Le Festival Nostalgia d\u2019Ottawa prend tr\u00e8s au s\u00e9rieux la protection de votre vie priv\u00e9e et la s\u00e9curit\u00e9 de vos renseignements<a class=\"excerpt-read-more\" href=\"https:\/\/nostalgiafestival.ca\/fr\/politique-de-confidentialite\/\" title=\"ReadPolitique de confidentialit\u00e9\">&#8230; Read more &raquo;<\/a><\/p>\n","protected":false},"author":559,"featured_media":0,"parent":0,"menu_order":0,"comment_status":"closed","ping_status":"closed","template":"","meta":{"_acf_changed":false,"_price":"","_stock":"","_tribe_ticket_header":"","_tribe_default_ticket_provider":"Tribe__Tickets_Plus__Commerce__WooCommerce__Main","_tribe_ticket_capacity":"0","_ticket_start_date":"","_ticket_end_date":"","_tribe_ticket_show_description":"","_tribe_ticket_show_not_going":false,"_tribe_ticket_use_global_stock":"","_tribe_ticket_global_stock_level":"","_global_stock_mode":"","_global_stock_cap":"","_tribe_rsvp_for_event":"","_tribe_ticket_going_count":"","_tribe_ticket_not_going_count":"","_tribe_tickets_list":"[]","_tribe_ticket_has_attendee_info_fields":false,"footnotes":"","_tec_slr_enabled":"","_tec_slr_layout":""},"class_list":["post-31172","page","type-page","status-publish","hentry"],"acf":[],"yoast_head":"<!-- This site is optimized with the Yoast SEO plugin v27.4 - https:\/\/yoast.com\/product\/yoast-seo-wordpress\/ -->\n<title>Politique de confidentialit\u00e9 - Nostalgia - Festival de musique<\/title>\n<meta name=\"robots\" content=\"index, follow, max-snippet:-1, max-image-preview:large, max-video-preview:-1\" \/>\n<link rel=\"canonical\" href=\"https:\/\/nostalgiafestival.ca\/fr\/politique-de-confidentialite\/\" \/>\n<meta property=\"og:locale\" content=\"fr_FR\" \/>\n<meta property=\"og:type\" content=\"article\" \/>\n<meta property=\"og:title\" content=\"Politique de confidentialit\u00e9 - Nostalgia - Festival de musique\" \/>\n<meta property=\"og:description\" content=\"D\u00c9CLARATION G\u00c9N\u00c9RALE DE CONFIDENTIALIT\u00c9 ET DE PROTECTION DES RENSEIGNEMENTS PERSONNELS Le Festival Nostalgia d\u2019Ottawa prend tr\u00e8s au s\u00e9rieux la protection de votre vie priv\u00e9e et la s\u00e9curit\u00e9 de vos renseignements... Read more &raquo;\" \/>\n<meta property=\"og:url\" content=\"https:\/\/nostalgiafestival.ca\/fr\/politique-de-confidentialite\/\" \/>\n<meta property=\"og:site_name\" content=\"Nostalgia - Festival de musique\" \/>\n<meta property=\"article:modified_time\" content=\"2024-10-01T14:23:10+00:00\" \/>\n<meta name=\"twitter:card\" content=\"summary_large_image\" \/>\n<meta name=\"twitter:label1\" content=\"Dur\u00e9e de lecture estim\u00e9e\" \/>\n\t<meta name=\"twitter:data1\" content=\"4 minutes\" \/>\n<script type=\"application\/ld+json\" class=\"yoast-schema-graph\">{\"@context\":\"https:\\\/\\\/schema.org\",\"@graph\":[{\"@type\":\"WebPage\",\"@id\":\"https:\\\/\\\/nostalgiafestival.ca\\\/fr\\\/politique-de-confidentialite\\\/\",\"url\":\"https:\\\/\\\/nostalgiafestival.ca\\\/fr\\\/politique-de-confidentialite\\\/\",\"name\":\"Politique de confidentialit\u00e9 - Nostalgia - Festival de musique\",\"isPartOf\":{\"@id\":\"https:\\\/\\\/nostalgiafestival.ca\\\/#website\"},\"datePublished\":\"2024-10-01T13:48:20+00:00\",\"dateModified\":\"2024-10-01T14:23:10+00:00\",\"breadcrumb\":{\"@id\":\"https:\\\/\\\/nostalgiafestival.ca\\\/fr\\\/politique-de-confidentialite\\\/#breadcrumb\"},\"inLanguage\":\"fr-FR\",\"potentialAction\":[{\"@type\":\"ReadAction\",\"target\":[\"https:\\\/\\\/nostalgiafestival.ca\\\/fr\\\/politique-de-confidentialite\\\/\"]}]},{\"@type\":\"BreadcrumbList\",\"@id\":\"https:\\\/\\\/nostalgiafestival.ca\\\/fr\\\/politique-de-confidentialite\\\/#breadcrumb\",\"itemListElement\":[{\"@type\":\"ListItem\",\"position\":1,\"name\":\"Home\",\"item\":\"https:\\\/\\\/nostalgiafestival.ca\\\/fr\\\/\"},{\"@type\":\"ListItem\",\"position\":2,\"name\":\"Politique de confidentialit\u00e9\"}]},{\"@type\":\"WebSite\",\"@id\":\"https:\\\/\\\/nostalgiafestival.ca\\\/#website\",\"url\":\"https:\\\/\\\/nostalgiafestival.ca\\\/\",\"name\":\"Nostalgia - Festival de musique\",\"description\":\"Nostalgia - Festival de musique\",\"potentialAction\":[{\"@type\":\"SearchAction\",\"target\":{\"@type\":\"EntryPoint\",\"urlTemplate\":\"https:\\\/\\\/nostalgiafestival.ca\\\/?s={search_term_string}\"},\"query-input\":{\"@type\":\"PropertyValueSpecification\",\"valueRequired\":true,\"valueName\":\"search_term_string\"}}],\"inLanguage\":\"fr-FR\"}]}<\/script>\n<!-- \/ Yoast SEO plugin. -->","yoast_head_json":{"title":"Politique de confidentialit\u00e9 - Nostalgia - Festival de musique","robots":{"index":"index","follow":"follow","max-snippet":"max-snippet:-1","max-image-preview":"max-image-preview:large","max-video-preview":"max-video-preview:-1"},"canonical":"https:\/\/nostalgiafestival.ca\/fr\/politique-de-confidentialite\/","og_locale":"fr_FR","og_type":"article","og_title":"Politique de confidentialit\u00e9 - Nostalgia - Festival de musique","og_description":"D\u00c9CLARATION G\u00c9N\u00c9RALE DE CONFIDENTIALIT\u00c9 ET DE PROTECTION DES RENSEIGNEMENTS PERSONNELS Le Festival Nostalgia d\u2019Ottawa prend tr\u00e8s au s\u00e9rieux la protection de votre vie priv\u00e9e et la s\u00e9curit\u00e9 de vos renseignements... Read more &raquo;","og_url":"https:\/\/nostalgiafestival.ca\/fr\/politique-de-confidentialite\/","og_site_name":"Nostalgia - Festival de musique","article_modified_time":"2024-10-01T14:23:10+00:00","twitter_card":"summary_large_image","twitter_misc":{"Dur\u00e9e de lecture estim\u00e9e":"4 minutes"},"schema":{"@context":"https:\/\/schema.org","@graph":[{"@type":"WebPage","@id":"https:\/\/nostalgiafestival.ca\/fr\/politique-de-confidentialite\/","url":"https:\/\/nostalgiafestival.ca\/fr\/politique-de-confidentialite\/","name":"Politique de confidentialit\u00e9 - Nostalgia - Festival de musique","isPartOf":{"@id":"https:\/\/nostalgiafestival.ca\/#website"},"datePublished":"2024-10-01T13:48:20+00:00","dateModified":"2024-10-01T14:23:10+00:00","breadcrumb":{"@id":"https:\/\/nostalgiafestival.ca\/fr\/politique-de-confidentialite\/#breadcrumb"},"inLanguage":"fr-FR","potentialAction":[{"@type":"ReadAction","target":["https:\/\/nostalgiafestival.ca\/fr\/politique-de-confidentialite\/"]}]},{"@type":"BreadcrumbList","@id":"https:\/\/nostalgiafestival.ca\/fr\/politique-de-confidentialite\/#breadcrumb","itemListElement":[{"@type":"ListItem","position":1,"name":"Home","item":"https:\/\/nostalgiafestival.ca\/fr\/"},{"@type":"ListItem","position":2,"name":"Politique de confidentialit\u00e9"}]},{"@type":"WebSite","@id":"https:\/\/nostalgiafestival.ca\/#website","url":"https:\/\/nostalgiafestival.ca\/","name":"Nostalgia - Festival de musique","description":"Nostalgia - Festival de musique","potentialAction":[{"@type":"SearchAction","target":{"@type":"EntryPoint","urlTemplate":"https:\/\/nostalgiafestival.ca\/?s={search_term_string}"},"query-input":{"@type":"PropertyValueSpecification","valueRequired":true,"valueName":"search_term_string"}}],"inLanguage":"fr-FR"}]}},"ticketed":false,"_links":{"self":[{"href":"https:\/\/nostalgiafestival.ca\/fr\/wp-json\/wp\/v2\/pages\/31172","targetHints":{"allow":["GET"]}}],"collection":[{"href":"https:\/\/nostalgiafestival.ca\/fr\/wp-json\/wp\/v2\/pages"}],"about":[{"href":"https:\/\/nostalgiafestival.ca\/fr\/wp-json\/wp\/v2\/types\/page"}],"author":[{"embeddable":true,"href":"https:\/\/nostalgiafestival.ca\/fr\/wp-json\/wp\/v2\/users\/559"}],"replies":[{"embeddable":true,"href":"https:\/\/nostalgiafestival.ca\/fr\/wp-json\/wp\/v2\/comments?post=31172"}],"version-history":[{"count":2,"href":"https:\/\/nostalgiafestival.ca\/fr\/wp-json\/wp\/v2\/pages\/31172\/revisions"}],"predecessor-version":[{"id":31179,"href":"https:\/\/nostalgiafestival.ca\/fr\/wp-json\/wp\/v2\/pages\/31172\/revisions\/31179"}],"wp:attachment":[{"href":"https:\/\/nostalgiafestival.ca\/fr\/wp-json\/wp\/v2\/media?parent=31172"}],"curies":[{"name":"wp","href":"https:\/\/api.w.org\/{rel}","templated":true}]}}